{"id":3225,"date":"2020-04-29T16:31:41","date_gmt":"2020-04-29T16:31:41","guid":{"rendered":"https:\/\/melflavia.cat\/comprar\/miel-de-eucalipto\/"},"modified":"2025-02-25T12:22:23","modified_gmt":"2025-02-25T12:22:23","slug":"miel-de-eucalipto","status":"publish","type":"product","link":"https:\/\/melflavia.cat\/es\/comprar\/mieles-artesanas\/miel-de-eucalipto\/","title":{"rendered":"Miel de eucalipto"},"content":{"rendered":"<p>La miel de eucalipto es especialmente \u00fatil durante los meses de invierno, cuando el riesgo de resfriados y gripes es m\u00e1s alto. Gracias a sus propiedades descongestionantes y expectorantes, ayuda a aliviar la tos y la mucosidad, lo que la hace ideal para aquellos que sufren problemas respiratorios. Adem\u00e1s, su sabor intenso y bals\u00e1mico la convierte en una opci\u00f3n perfecta para quienes buscan una miel con un toque m\u00e1s robusto y medicinal. Esta miel no solo es un remedio natural para las v\u00edas respiratorias, sino que tambi\u00e9n puede contribuir a mejorar la salud general gracias a sus propiedades antibacterianas y antiinflamatorias.   <\/p>\n<p>La miel de eucalipto tambi\u00e9n es una excelente opci\u00f3n para aquellos que buscan una alternativa natural y ecol\u00f3gica a los medicamentos convencionales. A diferencia de los productos qu\u00edmicos, que pueden causar efectos secundarios, la miel de eucalipto es completamente segura y beneficiosa para la salud. Adem\u00e1s, su proceso de fabricaci\u00f3n es respetuoso con el medio ambiente, ya que se elabora con ingredientes naturales y renovables. La miel de eucalipto no solo es un alimento nutritivo, sino que tambi\u00e9n es un producto que puede ayudar a mejorar la salud respiratoria y a reforzar el sistema inmunitario.   <\/p>\n<p>En resumen, la miel de eucalipto es una variedad reconocida por su sabor intenso y ligeramente bals\u00e1mico, as\u00ed como por sus propiedades descongestionantes y expectorantes. Con sus beneficios nutricionales y su delicioso sabor, este producto es una opci\u00f3n ideal para cualquier persona que quiera cuidar su salud de manera natural y efectiva. Adem\u00e1s, es un producto que promueve un estilo de vida m\u00e1s saludable y respetuoso con el medio ambiente, lo que la convierte en una elecci\u00f3n ideal para quienes buscan alternativas naturales y ecol\u00f3gicas a los productos convencionales.  <\/p>\n","protected":false},"excerpt":{"rendered":"<p>Mer artesanal de sabor intenso y aroma agradable, persistente.<\/p>\n","protected":false},"featured_media":404,"template":"","meta":[],"product_brand":[],"product_cat":[71],"product_tag":[102,72,101,103],"class_list":{"0":"post-3225","1":"product","2":"type-product","3":"status-publish","4":"has-post-thumbnail","6":"product_cat-mieles-artesanas","7":"product_tag-antiinflamatoria-es","8":"product_tag-miel-artesana","9":"product_tag-miel-de-eucalipto","10":"product_tag-miel-por-afecciones-respiratorias","12":"first","13":"instock","14":"taxable","15":"shipping-taxable","16":"purchasable","17":"product-type-variable"},"_links":{"self":[{"href":"https:\/\/melflavia.cat\/es\/wp-json\/wp\/v2\/product\/3225","targetHints":{"allow":["GET"]}}],"collection":[{"href":"https:\/\/melflavia.cat\/es\/wp-json\/wp\/v2\/product"}],"about":[{"href":"https:\/\/melflavia.cat\/es\/wp-json\/wp\/v2\/types\/product"}],"version-history":[{"count":2,"href":"https:\/\/melflavia.cat\/es\/wp-json\/wp\/v2\/product\/3225\/revisions"}],"predecessor-version":[{"id":3845,"href":"https:\/\/melflavia.cat\/es\/wp-json\/wp\/v2\/product\/3225\/revisions\/3845"}],"wp:featuredmedia":[{"embeddable":true,"href":"https:\/\/melflavia.cat\/es\/wp-json\/wp\/v2\/media\/404"}],"wp:attachment":[{"href":"https:\/\/melflavia.cat\/es\/wp-json\/wp\/v2\/media?parent=3225"}],"wp:term":[{"taxonomy":"product_brand","embeddable":true,"href":"https:\/\/melflavia.cat\/es\/wp-json\/wp\/v2\/product_brand?post=3225"},{"taxonomy":"product_cat","embeddable":true,"href":"https:\/\/melflavia.cat\/es\/wp-json\/wp\/v2\/product_cat?post=3225"},{"taxonomy":"product_tag","embeddable":true,"href":"https:\/\/melflavia.cat\/es\/wp-json\/wp\/v2\/product_tag?post=3225"}],"curies":[{"name":"wp","href":"https:\/\/api.w.org\/{rel}","templated":true}]}}