{"id":3222,"date":"2020-04-29T16:32:39","date_gmt":"2020-04-29T16:32:39","guid":{"rendered":"https:\/\/melflavia.cat\/comprar\/miel-de-encina\/"},"modified":"2025-02-25T11:45:19","modified_gmt":"2025-02-25T11:45:19","slug":"miel-de-encina","status":"publish","type":"product","link":"https:\/\/melflavia.cat\/es\/comprar\/mieles-artesanas\/miel-de-encina\/","title":{"rendered":"Miel de encina"},"content":{"rendered":"<p>La <strong>miel de encina<\/strong> es una de las mieles m\u00e1s singulares, caracterizada por su color oscuro, su textura espesa y su sabor profundo con un toque ligeramente amargo. Se produce a partir de la melaza de la encina y no del n\u00e9ctar de las flores, lo que le otorga un alto contenido en minerales y propiedades extraordinarias. Esta miel es conocida por ser <strong>rica en hierro y otros minerales<\/strong>, siendo ideal para personas con anemia o que necesiten un refuerzo de energ\u00eda natural. Adem\u00e1s, tiene propiedades <strong>antibacterianas y antiinflamatorias<\/strong>, ayudando a combatir infecciones y a fortalecer el sistema inmunitario.   <\/p>\n<p>La miel de encina es una opci\u00f3n natural y efectiva para aquellos que buscan una manera m\u00e1s suave y agradable de cuidar su salud. Con sus propiedades nutricionales y su delicioso sabor, este producto es una inversi\u00f3n que vale la pena para cualquier persona que quiera reforzar su sistema inmunitario de manera natural. Adem\u00e1s, es un producto que se puede utilizar en una gran variedad de situaciones, desde el alivio del dolor de garganta hasta la prevenci\u00f3n de enfermedades.  <\/p>\n<p>La miel de encina es especialmente \u00fatil para aquellos que padecen problemas de anemia o que necesitan un refuerzo de energ\u00eda natural. Gracias a su alta concentraci\u00f3n de minerales, ayuda a mejorar la funci\u00f3n sangu\u00ednea y a reforzar el sistema inmunitario. Adem\u00e1s, su sabor profundo y ligeramente amargo la hace ideal para aquellos que buscan una miel con un toque m\u00e1s robusto e intenso.  <\/p>\n<p>En resumen, la miel de encina es una de las mieles m\u00e1s singulares, caracterizada por su color oscuro, su textura espesa y su sabor profundo. Con sus propiedades nutricionales y su delicioso sabor, este producto es una opci\u00f3n ideal para cualquier persona que quiera cuidar su salud de manera natural y efectiva. Adem\u00e1s, es un producto que promueve un estilo de vida m\u00e1s saludable y respetuoso con el medio ambiente, lo que la convierte en una elecci\u00f3n ideal para aquellos que buscan alternativas naturales y ecol\u00f3gicas a los productos convencionales.  <\/p>\n","protected":false},"excerpt":{"rendered":"<p>De sabor dulce intenso y con tonalidades saladas y un aroma persistente.<\/p>\n","protected":false},"featured_media":398,"template":"","meta":[],"product_brand":[],"product_cat":[71],"product_tag":[72,100],"class_list":{"0":"post-3222","1":"product","2":"type-product","3":"status-publish","4":"has-post-thumbnail","6":"product_cat-mieles-artesanas","7":"product_tag-miel-artesana","8":"product_tag-miel-de-encina","10":"first","11":"instock","12":"taxable","13":"shipping-taxable","14":"purchasable","15":"product-type-variable"},"_links":{"self":[{"href":"https:\/\/melflavia.cat\/es\/wp-json\/wp\/v2\/product\/3222","targetHints":{"allow":["GET"]}}],"collection":[{"href":"https:\/\/melflavia.cat\/es\/wp-json\/wp\/v2\/product"}],"about":[{"href":"https:\/\/melflavia.cat\/es\/wp-json\/wp\/v2\/types\/product"}],"version-history":[{"count":2,"href":"https:\/\/melflavia.cat\/es\/wp-json\/wp\/v2\/product\/3222\/revisions"}],"predecessor-version":[{"id":3834,"href":"https:\/\/melflavia.cat\/es\/wp-json\/wp\/v2\/product\/3222\/revisions\/3834"}],"wp:featuredmedia":[{"embeddable":true,"href":"https:\/\/melflavia.cat\/es\/wp-json\/wp\/v2\/media\/398"}],"wp:attachment":[{"href":"https:\/\/melflavia.cat\/es\/wp-json\/wp\/v2\/media?parent=3222"}],"wp:term":[{"taxonomy":"product_brand","embeddable":true,"href":"https:\/\/melflavia.cat\/es\/wp-json\/wp\/v2\/product_brand?post=3222"},{"taxonomy":"product_cat","embeddable":true,"href":"https:\/\/melflavia.cat\/es\/wp-json\/wp\/v2\/product_cat?post=3222"},{"taxonomy":"product_tag","embeddable":true,"href":"https:\/\/melflavia.cat\/es\/wp-json\/wp\/v2\/product_tag?post=3222"}],"curies":[{"name":"wp","href":"https:\/\/api.w.org\/{rel}","templated":true}]}}