{"id":3218,"date":"2020-04-29T16:30:56","date_gmt":"2020-04-29T16:30:56","guid":{"rendered":"https:\/\/melflavia.cat\/comprar\/romero-granulada\/"},"modified":"2025-10-16T17:35:54","modified_gmt":"2025-10-16T17:35:54","slug":"romero-granulada","status":"publish","type":"product","link":"https:\/\/melflavia.cat\/es\/comprar\/mieles-artesanas\/romero-granulada\/","title":{"rendered":"Romero granulada"},"content":{"rendered":"<p>La <strong>miel de romero granulada <\/strong>es una miel natural elaborada a partir del n\u00e9ctar de las flores de romero. De sabor suave, floral y ligeramente bals\u00e1mico, es una de las mieles m\u00e1s apreciadas por su aroma delicado y su pureza. <\/p>\n<p>Su textura granulada es el resultado de la cristalizaci\u00f3n natural, un signo de calidad que demuestra que no ha sido sometida a calor ni filtraciones excesivas.<br \/>\nEs perfecta para endulzar infusiones, yogures, frutas o platos cocinados, aportando un toque dulce y natural.<\/p>\n<p>Adem\u00e1s, la miel de romero se asocia tradicionalmente con propiedades digestivas, antioxidantes y energ\u00e9ticas, ayudando a mejorar la digesti\u00f3n y aportar vitalidad de forma natural.<\/p>\n<p><strong>Caracter\u00edsticas:<\/strong><\/p>\n<ul>\n<li>100% miel de romero natural y artesana<\/li>\n<li>Textura granulada natural<\/li>\n<li>Sabor suave y floral<\/li>\n<li>Rica en antioxidantes y minerales<\/li>\n<li>Ideal para uso diario en cocina o reposter\u00eda<\/li>\n<\/ul>\n","protected":false},"excerpt":{"rendered":"<p>Miel artesana granulada de romero, suave y<br \/>\narom\u00e1tica. 100% natural, sin aditivos ni tratamientos t\u00e9rmicos.<br \/>\nIdeal para endulzar bebidas, yogures o utilizar en recetas mediterr\u00e1neas. <\/p>\n","protected":false},"featured_media":420,"template":"","meta":[],"product_brand":[],"product_cat":[71],"product_tag":[72,99,97],"class_list":{"0":"post-3218","1":"product","2":"type-product","3":"status-publish","4":"has-post-thumbnail","6":"product_cat-mieles-artesanas","7":"product_tag-miel-artesana","8":"product_tag-miel-de-romero-es","9":"product_tag-miel-granulada","11":"first","12":"instock","13":"featured","14":"taxable","15":"shipping-taxable","16":"purchasable","17":"product-type-variable"},"_links":{"self":[{"href":"https:\/\/melflavia.cat\/es\/wp-json\/wp\/v2\/product\/3218","targetHints":{"allow":["GET"]}}],"collection":[{"href":"https:\/\/melflavia.cat\/es\/wp-json\/wp\/v2\/product"}],"about":[{"href":"https:\/\/melflavia.cat\/es\/wp-json\/wp\/v2\/types\/product"}],"version-history":[{"count":4,"href":"https:\/\/melflavia.cat\/es\/wp-json\/wp\/v2\/product\/3218\/revisions"}],"predecessor-version":[{"id":4230,"href":"https:\/\/melflavia.cat\/es\/wp-json\/wp\/v2\/product\/3218\/revisions\/4230"}],"wp:featuredmedia":[{"embeddable":true,"href":"https:\/\/melflavia.cat\/es\/wp-json\/wp\/v2\/media\/420"}],"wp:attachment":[{"href":"https:\/\/melflavia.cat\/es\/wp-json\/wp\/v2\/media?parent=3218"}],"wp:term":[{"taxonomy":"product_brand","embeddable":true,"href":"https:\/\/melflavia.cat\/es\/wp-json\/wp\/v2\/product_brand?post=3218"},{"taxonomy":"product_cat","embeddable":true,"href":"https:\/\/melflavia.cat\/es\/wp-json\/wp\/v2\/product_cat?post=3218"},{"taxonomy":"product_tag","embeddable":true,"href":"https:\/\/melflavia.cat\/es\/wp-json\/wp\/v2\/product_tag?post=3218"}],"curies":[{"name":"wp","href":"https:\/\/api.w.org\/{rel}","templated":true}]}}