{"id":3207,"date":"2020-04-29T16:33:11","date_gmt":"2020-04-29T16:33:11","guid":{"rendered":"https:\/\/melflavia.cat\/comprar\/miel-de-brezo\/"},"modified":"2025-02-25T11:43:39","modified_gmt":"2025-02-25T11:43:39","slug":"miel-de-brezo","status":"publish","type":"product","link":"https:\/\/melflavia.cat\/es\/comprar\/mieles-artesanas\/miel-de-brezo\/","title":{"rendered":"Miel de brezo"},"content":{"rendered":"<p>La <strong>miel de brezo<\/strong> es una de las variedades m\u00e1s ricas en minerales y antioxidantes, con un color oscuro y un sabor intenso, ligeramente amargo y con notas caramelizadas. Proviene de las flores del brezo, una planta de monta\u00f1a que crece en zonas silvestres, lo que le otorga a esta miel unas propiedades excepcionales. Es especialmente conocida por sus <strong>beneficios para el sistema urinario y renal<\/strong>, ya que ayuda a prevenir infecciones como la cistitis y favorece la eliminaci\u00f3n de toxinas. Adem\u00e1s, tiene efectos <strong>antiinflamatorios, expectorantes y energ\u00e9ticos<\/strong>, siendo ideal para deportistas o personas con mucha actividad diaria.   <\/p>\n<p>La miel de brezo es una opci\u00f3n natural y efectiva para aquellos que buscan una manera m\u00e1s suave y agradable de cuidar su salud. Con sus propiedades nutricionales y su delicioso sabor, este producto es una inversi\u00f3n que vale la pena para cualquier persona que quiera reforzar su sistema inmunitario de manera natural. Adem\u00e1s, es un producto que se puede utilizar en una gran variedad de situaciones, desde el alivio del dolor de garganta hasta la prevenci\u00f3n de enfermedades.  <\/p>\n<p>La miel de brezo es especialmente \u00fatil para aquellos que padecen problemas urinarios o que necesitan un refuerzo de energ\u00eda natural. Gracias a su alta concentraci\u00f3n de minerales y antioxidantes, ayuda a mejorar la funci\u00f3n renal y a reforzar el sistema inmunitario. Adem\u00e1s, su sabor intenso y arom\u00e1tico la hace ideal para aquellos que buscan una miel con un toque m\u00e1s robusto y profundo.  <\/p>\n<p>En resumen, la miel de brezo es una de las variedades m\u00e1s ricas en minerales y antioxidantes, con un color oscuro y un sabor intenso. Con sus propiedades nutricionales y su delicioso sabor, este producto es una opci\u00f3n ideal para cualquier persona que quiera cuidar su salud de manera natural y efectiva. Adem\u00e1s, es un producto que promueve un estilo de vida m\u00e1s saludable y respetuoso con el medio ambiente, lo que la convierte en una elecci\u00f3n ideal para aquellos que buscan alternativas naturales y ecol\u00f3gicas a los productos convencionales.  <\/p>\n","protected":false},"excerpt":{"rendered":"<p>Sabor intenso y alguna tonalidad m\u00e1s amarga, aroma persistente.<\/p>\n","protected":false},"featured_media":400,"template":"","meta":[],"product_brand":[],"product_cat":[71],"product_tag":[72,95],"class_list":{"0":"post-3207","1":"product","2":"type-product","3":"status-publish","4":"has-post-thumbnail","6":"product_cat-mieles-artesanas","7":"product_tag-miel-artesana","8":"product_tag-miel-de-brezo","10":"first","11":"instock","12":"taxable","13":"shipping-taxable","14":"purchasable","15":"product-type-variable"},"_links":{"self":[{"href":"https:\/\/melflavia.cat\/es\/wp-json\/wp\/v2\/product\/3207","targetHints":{"allow":["GET"]}}],"collection":[{"href":"https:\/\/melflavia.cat\/es\/wp-json\/wp\/v2\/product"}],"about":[{"href":"https:\/\/melflavia.cat\/es\/wp-json\/wp\/v2\/types\/product"}],"version-history":[{"count":2,"href":"https:\/\/melflavia.cat\/es\/wp-json\/wp\/v2\/product\/3207\/revisions"}],"predecessor-version":[{"id":3833,"href":"https:\/\/melflavia.cat\/es\/wp-json\/wp\/v2\/product\/3207\/revisions\/3833"}],"wp:featuredmedia":[{"embeddable":true,"href":"https:\/\/melflavia.cat\/es\/wp-json\/wp\/v2\/media\/400"}],"wp:attachment":[{"href":"https:\/\/melflavia.cat\/es\/wp-json\/wp\/v2\/media?parent=3207"}],"wp:term":[{"taxonomy":"product_brand","embeddable":true,"href":"https:\/\/melflavia.cat\/es\/wp-json\/wp\/v2\/product_brand?post=3207"},{"taxonomy":"product_cat","embeddable":true,"href":"https:\/\/melflavia.cat\/es\/wp-json\/wp\/v2\/product_cat?post=3207"},{"taxonomy":"product_tag","embeddable":true,"href":"https:\/\/melflavia.cat\/es\/wp-json\/wp\/v2\/product_tag?post=3207"}],"curies":[{"name":"wp","href":"https:\/\/api.w.org\/{rel}","templated":true}]}}