{"id":3196,"date":"2020-04-29T16:04:33","date_gmt":"2020-04-29T16:04:33","guid":{"rendered":"https:\/\/melflavia.cat\/comprar\/tomillo-y-romero-milflores\/"},"modified":"2025-02-25T12:33:11","modified_gmt":"2025-02-25T12:33:11","slug":"tomillo-y-romero-milflores","status":"publish","type":"product","link":"https:\/\/melflavia.cat\/es\/comprar\/mieles-artesanas\/tomillo-y-romero-milflores\/","title":{"rendered":"Tomillo y romero milflores"},"content":{"rendered":"<p>La <strong>miel de tomillo y romero milflores<\/strong> es una exquisita combinaci\u00f3n de dos de las plantas m\u00e1s beneficiosas de la naturaleza: el <strong>tomillo y el romero<\/strong>, mezcladas con el mejor n\u00e9ctar de flores silvestres. Esta miel destaca por su sabor arom\u00e1tico y suave, con notas herb\u00e1ceas y florales que la hacen \u00fanica. <br \/>Adem\u00e1s de su excepcional sabor, esta miel posee una gran cantidad de <strong>propiedades medicinales<\/strong>. El <strong>tomillo<\/strong> es conocido por sus efectos <strong>antibacterianos, expectorantes y calmantes<\/strong>, ideales para las v\u00edas respiratorias y para combatir la tos y los resfriados. Por otro lado, el <strong>romero<\/strong> es un excelente estimulante natural, que mejora la memoria, favorece la digesti\u00f3n y combate la fatiga.    <\/p>\n<p>Esta miel es perfecta para <strong>infusiones, postres, leches calientes y recetas saludables<\/strong>, aportando un toque dulce y terap\u00e9utico a tu dieta diaria. La miel de tomillo y romero milflores es una opci\u00f3n natural y efectiva para quienes buscan una manera m\u00e1s suave y agradable de cuidar su salud. <br \/>Con sus propiedades nutricionales y su delicioso sabor, este producto es una inversi\u00f3n que vale la pena para cualquier persona que desee fortalecer su sistema inmunitario de forma natural. Adem\u00e1s, es un producto vers\u00e1til que se puede utilizar en una gran variedad de situaciones, desde el alivio del estr\u00e9s hasta la mejora de la digesti\u00f3n.   <\/p>\n<p>La miel de tomillo y romero milflores es especialmente \u00fatil para quienes padecen problemas respiratorios o necesitan un refuerzo de energ\u00eda natural. Gracias a su alta concentraci\u00f3n de minerales y antioxidantes, ayuda a mejorar la funci\u00f3n respiratoria y a fortalecer el sistema inmunitario. Adem\u00e1s, su sabor arom\u00e1tico y suave la convierte en una opci\u00f3n ideal para quienes buscan una miel con un toque m\u00e1s herbal y floral.  <\/p>\n<p>En resumen, la miel de tomillo y romero milflores es una exquisita combinaci\u00f3n de dos de las plantas m\u00e1s beneficiosas de la naturaleza: el tomillo y el romero. Con sus propiedades nutricionales y su delicioso sabor, este producto es una opci\u00f3n ideal para cualquier persona que quiera cuidar su salud de manera natural y efectiva. Adem\u00e1s, es un producto que promueve un estilo de vida m\u00e1s saludable y respetuoso con el medio ambiente, lo que la convierte en una elecci\u00f3n ideal para quienes buscan alternativas naturales y ecol\u00f3gicas a los productos convencionales.  <\/p>\n","protected":false},"excerpt":{"rendered":"<p>Miel artesana con un olor caracter\u00edstico floral, elaborado principalmente del n\u00e9ctar de las flores de tomillo y romero.<\/p>\n","protected":false},"featured_media":411,"template":"","meta":[],"product_brand":[],"product_cat":[71],"product_tag":[72,73,92,93],"class_list":{"0":"post-3196","1":"product","2":"type-product","3":"status-publish","4":"has-post-thumbnail","6":"product_cat-mieles-artesanas","7":"product_tag-miel-artesana","8":"product_tag-miel-de-romero","9":"product_tag-miel-de-tomillo","10":"product_tag-miel-milflores","12":"first","13":"instock","14":"taxable","15":"shipping-taxable","16":"purchasable","17":"product-type-variable"},"_links":{"self":[{"href":"https:\/\/melflavia.cat\/es\/wp-json\/wp\/v2\/product\/3196","targetHints":{"allow":["GET"]}}],"collection":[{"href":"https:\/\/melflavia.cat\/es\/wp-json\/wp\/v2\/product"}],"about":[{"href":"https:\/\/melflavia.cat\/es\/wp-json\/wp\/v2\/types\/product"}],"version-history":[{"count":2,"href":"https:\/\/melflavia.cat\/es\/wp-json\/wp\/v2\/product\/3196\/revisions"}],"predecessor-version":[{"id":3848,"href":"https:\/\/melflavia.cat\/es\/wp-json\/wp\/v2\/product\/3196\/revisions\/3848"}],"wp:featuredmedia":[{"embeddable":true,"href":"https:\/\/melflavia.cat\/es\/wp-json\/wp\/v2\/media\/411"}],"wp:attachment":[{"href":"https:\/\/melflavia.cat\/es\/wp-json\/wp\/v2\/media?parent=3196"}],"wp:term":[{"taxonomy":"product_brand","embeddable":true,"href":"https:\/\/melflavia.cat\/es\/wp-json\/wp\/v2\/product_brand?post=3196"},{"taxonomy":"product_cat","embeddable":true,"href":"https:\/\/melflavia.cat\/es\/wp-json\/wp\/v2\/product_cat?post=3196"},{"taxonomy":"product_tag","embeddable":true,"href":"https:\/\/melflavia.cat\/es\/wp-json\/wp\/v2\/product_tag?post=3196"}],"curies":[{"name":"wp","href":"https:\/\/api.w.org\/{rel}","templated":true}]}}