{"id":3178,"date":"2020-04-29T16:38:12","date_gmt":"2024-11-06T09:00:54","guid":{"rendered":"https:\/\/melflavia.cat\/comprar\/miel-con-panal\/"},"modified":"2025-02-25T11:31:06","modified_gmt":"2025-02-25T11:31:06","slug":"miel-con-panal","status":"publish","type":"product","link":"https:\/\/melflavia.cat\/es\/comprar\/panales\/miel-con-panal\/","title":{"rendered":"Miel con panal"},"content":{"rendered":"<p>La miel con panal tambi\u00e9n es una excelente opci\u00f3n para aquellos que buscan una alternativa natural y ecol\u00f3gica a los medicamentos convencionales. A diferencia de los productos qu\u00edmicos, que pueden causar efectos secundarios, la miel con panal es completamente segura y beneficiosa para la salud. Adem\u00e1s, su proceso de fabricaci\u00f3n es respetuoso con el medio ambiente, ya que est\u00e1 hecha con ingredientes naturales y renovables. La miel con panal no solo es un alimento nutritivo, sino que tambi\u00e9n es un producto que puede ayudar a mejorar la salud bucal. La cera de abejas que se encuentra en el panal act\u00faa como un limpiador natural para los dientes y las enc\u00edas, ayudando a eliminar las impurezas y a mantener una boca sana.    <\/p>\n<p>Adem\u00e1s, la miel con panal es rica en antioxidantes, vitaminas y enzimas que ayudan a mejorar la digesti\u00f3n y a reforzar el sistema inmunitario. Este producto es ideal para aquellos que buscan una manera natural de mejorar su salud y bienestar. La miel con panal tambi\u00e9n es una excelente opci\u00f3n para aquellos que padecen problemas digestivos, ya que ayuda a mejorar la funci\u00f3n intestinal y a aliviar los s\u00edntomas de la indigesti\u00f3n.  <\/p>\n<p>En resumen, la miel con panal es un aut\u00e9ntico tesoro de la naturaleza, ya que combina la miel pura con su estructura de panal natural. Con sus propiedades nutricionales y su delicioso sabor, este producto es una opci\u00f3n ideal para cualquier persona que desee cuidar su salud de manera natural y efectiva. Adem\u00e1s, es un producto que promueve un estilo de vida m\u00e1s saludable y respetuoso con el medio ambiente, convirti\u00e9ndola en una elecci\u00f3n perfecta para aquellos que buscan alternativas naturales y ecol\u00f3gicas a los productos convencionales.  <\/p>\n","protected":false},"excerpt":{"rendered":"<p><a href=\"https:\/\/melflavia.cat\/comprar\/mels-artesanes\/mel-de-romani\/\">Miel de romero<\/a> con porci\u00f3n de <a href=\"https:\/\/melflavia.cat\/comprar\/bresques-de-mel\/bresca\/\">panal<\/a>. Una miel suave e ideal para comer a mordeduras.<\/p>\n","protected":false},"featured_media":393,"template":"","meta":[],"product_brand":[],"product_cat":[71,68],"product_tag":[72,74,73,70,69],"class_list":{"0":"post-3178","1":"product","2":"type-product","3":"status-publish","4":"has-post-thumbnail","6":"product_cat-mieles-artesanas","7":"product_cat-panales","8":"product_tag-miel-artesana","9":"product_tag-miel-con-panal","10":"product_tag-miel-de-romero","11":"product_tag-panal","12":"product_tag-panales","14":"first","15":"instock","16":"featured","17":"taxable","18":"shipping-taxable","19":"purchasable","20":"product-type-simple"},"_links":{"self":[{"href":"https:\/\/melflavia.cat\/es\/wp-json\/wp\/v2\/product\/3178","targetHints":{"allow":["GET"]}}],"collection":[{"href":"https:\/\/melflavia.cat\/es\/wp-json\/wp\/v2\/product"}],"about":[{"href":"https:\/\/melflavia.cat\/es\/wp-json\/wp\/v2\/types\/product"}],"version-history":[{"count":2,"href":"https:\/\/melflavia.cat\/es\/wp-json\/wp\/v2\/product\/3178\/revisions"}],"predecessor-version":[{"id":3829,"href":"https:\/\/melflavia.cat\/es\/wp-json\/wp\/v2\/product\/3178\/revisions\/3829"}],"wp:featuredmedia":[{"embeddable":true,"href":"https:\/\/melflavia.cat\/es\/wp-json\/wp\/v2\/media\/393"}],"wp:attachment":[{"href":"https:\/\/melflavia.cat\/es\/wp-json\/wp\/v2\/media?parent=3178"}],"wp:term":[{"taxonomy":"product_brand","embeddable":true,"href":"https:\/\/melflavia.cat\/es\/wp-json\/wp\/v2\/product_brand?post=3178"},{"taxonomy":"product_cat","embeddable":true,"href":"https:\/\/melflavia.cat\/es\/wp-json\/wp\/v2\/product_cat?post=3178"},{"taxonomy":"product_tag","embeddable":true,"href":"https:\/\/melflavia.cat\/es\/wp-json\/wp\/v2\/product_tag?post=3178"}],"curies":[{"name":"wp","href":"https:\/\/api.w.org\/{rel}","templated":true}]}}