{"id":3175,"date":"2020-04-29T16:39:39","date_gmt":"2020-04-29T16:39:39","guid":{"rendered":"https:\/\/melflavia.cat\/comprar\/panal\/"},"modified":"2025-02-25T11:20:49","modified_gmt":"2025-02-25T11:20:49","slug":"panal","status":"publish","type":"product","link":"https:\/\/melflavia.cat\/es\/comprar\/panales\/panal\/","title":{"rendered":"Panal"},"content":{"rendered":"<p>La <strong>cera de miel<\/strong> es la forma m\u00e1s pura y natural de consumir la miel, directamente de la colmena. Se trata de una estructura de cera llena de miel natural que se puede <strong>masticar como un caramelo, agregar a tostadas o consumir tal cual<\/strong> para disfrutar de todas sus propiedades. Este producto mantiene intactas <strong>todas las enzimas, vitaminas y nutrientes, ofreciendo una experiencia \u00fanica y aut\u00e9ntica<\/strong>. Adem\u00e1s, la cera de abeja que rodea la miel se puede masticar y ayuda a limpiar la boca de forma natural.   <\/p>\n<p>La cera de miel es una opci\u00f3n natural y efectiva para aquellos que buscan una forma m\u00e1s suave y agradable de cuidar su salud. Con sus propiedades nutricionales y su delicioso sabor, este producto es una inversi\u00f3n que vale la pena para cualquier persona que desee reforzar su sistema inmunol\u00f3gico de manera natural. Adem\u00e1s, es un producto que se puede utilizar en una gran variedad de situaciones, desde el alivio del dolor de garganta hasta la prevenci\u00f3n de infecciones respiratorias.  <\/p>\n<p>La cera de miel es especialmente \u00fatil durante los meses de invierno, cuando el riesgo de resfriados y gripes es m\u00e1s alto. Gracias a sus propiedades antibacterianas y antivirales, ayuda a prevenir infecciones y a reforzar el sistema inmunol\u00f3gico. Adem\u00e1s, su formato en cera lo hace f\u00e1cil de usar e ideal tanto para ni\u00f1os como para adultos.  <\/p>\n<p>La cera de miel tambi\u00e9n es una excelente opci\u00f3n para aquellos que buscan una alternativa natural y ecol\u00f3gica a los medicamentos convencionales. A diferencia de los productos qu\u00edmicos, que pueden causar efectos secundarios, la cera de miel es completamente segura y beneficiosa para la salud. Adem\u00e1s, su proceso de fabricaci\u00f3n es respetuoso con el medio ambiente, ya que est\u00e1 hecha con ingredientes naturales y renovables.  <\/p>\n<p>En resumen, la cera de miel es la forma m\u00e1s pura y natural de consumir la miel, directamente del panal. Con sus propiedades nutricionales y su sabor delicioso, este producto es una opci\u00f3n ideal para cualquier persona que quiera cuidar su salud de manera natural y efectiva. Adem\u00e1s, es un producto que promueve un estilo de vida m\u00e1s saludable y respetuoso con el medio ambiente, convirti\u00e9ndolo en una elecci\u00f3n perfecta para aquellos que buscan alternativas naturales y ecol\u00f3gicas a los productos convencionales.  <\/p>\n","protected":false},"excerpt":{"rendered":"<p>Porci\u00f3n de panal sin manipular, directamente de las abejas.<\/p>\n","protected":false},"featured_media":386,"template":"","meta":[],"product_brand":[],"product_cat":[68],"product_tag":[70,69],"class_list":{"0":"post-3175","1":"product","2":"type-product","3":"status-publish","4":"has-post-thumbnail","6":"product_cat-panales","7":"product_tag-panal","8":"product_tag-panales","10":"first","11":"instock","12":"featured","13":"taxable","14":"shipping-taxable","15":"purchasable","16":"product-type-variable"},"_links":{"self":[{"href":"https:\/\/melflavia.cat\/es\/wp-json\/wp\/v2\/product\/3175","targetHints":{"allow":["GET"]}}],"collection":[{"href":"https:\/\/melflavia.cat\/es\/wp-json\/wp\/v2\/product"}],"about":[{"href":"https:\/\/melflavia.cat\/es\/wp-json\/wp\/v2\/types\/product"}],"version-history":[{"count":2,"href":"https:\/\/melflavia.cat\/es\/wp-json\/wp\/v2\/product\/3175\/revisions"}],"predecessor-version":[{"id":3820,"href":"https:\/\/melflavia.cat\/es\/wp-json\/wp\/v2\/product\/3175\/revisions\/3820"}],"wp:featuredmedia":[{"embeddable":true,"href":"https:\/\/melflavia.cat\/es\/wp-json\/wp\/v2\/media\/386"}],"wp:attachment":[{"href":"https:\/\/melflavia.cat\/es\/wp-json\/wp\/v2\/media?parent=3175"}],"wp:term":[{"taxonomy":"product_brand","embeddable":true,"href":"https:\/\/melflavia.cat\/es\/wp-json\/wp\/v2\/product_brand?post=3175"},{"taxonomy":"product_cat","embeddable":true,"href":"https:\/\/melflavia.cat\/es\/wp-json\/wp\/v2\/product_cat?post=3175"},{"taxonomy":"product_tag","embeddable":true,"href":"https:\/\/melflavia.cat\/es\/wp-json\/wp\/v2\/product_tag?post=3175"}],"curies":[{"name":"wp","href":"https:\/\/api.w.org\/{rel}","templated":true}]}}