{"id":3643,"date":"2025-01-09T12:20:48","date_gmt":"2025-01-09T12:20:48","guid":{"rendered":"https:\/\/melflavia.cat\/politica-de-cookies\/"},"modified":"2025-01-09T12:20:49","modified_gmt":"2025-01-09T12:20:49","slug":"politica-de-cookies","status":"publish","type":"page","link":"https:\/\/melflavia.cat\/es\/politica-de-cookies\/","title":{"rendered":"Pol\u00edtica de cookies"},"content":{"rendered":"\t\t<div data-elementor-type=\"wp-page\" data-elementor-id=\"3643\" class=\"elementor elementor-3643 elementor-355\" data-elementor-post-type=\"page\">\n\t\t\t\t<div class=\"elementor-element elementor-element-423a596 e-flex e-con-boxed e-con e-parent\" data-id=\"423a596\" data-element_type=\"container\" data-e-type=\"container\">\n\t\t\t\t\t<div class=\"e-con-inner\">\n\t\t\t\t<div class=\"elementor-element elementor-element-d8b0d40 elementor-widget elementor-widget-heading\" data-id=\"d8b0d40\" data-element_type=\"widget\" data-e-type=\"widget\" data-widget_type=\"heading.default\">\n\t\t\t\t<div class=\"elementor-widget-container\">\n\t\t\t\t\t<h1 class=\"elementor-heading-title elementor-size-default\">Pol\u00edtica de cookies<\/h1>\t\t\t\t<\/div>\n\t\t\t\t<\/div>\n\t\t\t\t\t<\/div>\n\t\t\t\t<\/div>\n\t\t<div class=\"elementor-element elementor-element-2d840cca e-flex e-con-boxed e-con e-parent\" data-id=\"2d840cca\" data-element_type=\"container\" data-e-type=\"container\">\n\t\t\t\t\t<div class=\"e-con-inner\">\n\t\t\t\t<div class=\"elementor-element elementor-element-7b15d5e elementor-widget elementor-widget-text-editor\" data-id=\"7b15d5e\" data-element_type=\"widget\" data-e-type=\"widget\" data-widget_type=\"text-editor.default\">\n\t\t\t\t<div class=\"elementor-widget-container\">\n\t\t\t\t\t\t\t\t\t<p><strong>QU\u00c9 SON LAS COOKIES?<\/strong><\/p>\n<p>Una cookie es un archivo que se descarga en su ordenador al acceder a determinadas p\u00e1ginas web. Las cookies permiten a una p\u00e1gina web, entre otras cosas, almacenar y recuperar informaci\u00f3n sobre los h\u00e1bitos de navegaci\u00f3n de un usuario o de su equipo y, dependiendo de la informaci\u00f3n que contengan y de la forma en que utilice su equipo, pueden ser utilizadas para reconocer al usuario. <\/p>\n<p><strong>\u00bfPARA QU\u00c9 UTILIZA LAS COOKIES ESTA P\u00c1GINA WEB Y CU\u00c1LES SON?<\/strong><\/p>\n<p>Esta p\u00e1gina web utiliza las cookies para una serie de finalidades, incluidas:<br \/>\u2022 An\u00e1lisis: son aquellas cookies que, tratadas por nosotros o por terceros, nos permiten cuantificar el n\u00famero de usuarios y as\u00ed realizar la medici\u00f3n y an\u00e1lisis estad\u00edstico del uso que hacen los usuarios del servicio. Para ello, se analiza su navegaci\u00f3n en nuestra p\u00e1gina web con el fin de mejorar la experiencia del usuario ..<br \/>\u2022 El detalle de las cookies utilizadas en esta p\u00e1gina web es el siguiente: <\/p>\n<p>Nota: Las cookies de tipo &#8216;propias&#8217; son utilizadas solo por el propietario de esta web y las cookies &#8216;de terceros&#8217; son utilizadas por el proveedor del servicio que est\u00e1 detallado en el cuadro anterior.<\/p>\n<p><strong>C\u00f3mo puedo desactivar o eliminar estas cookies?<\/strong><\/p>\n<p>Usted puede permitir, bloquear o eliminar las cookies instaladas en su equipo mediante la configuraci\u00f3n de las opciones del navegador en su ordenador:<\/p>\n<p>Firefox: http:\/\/support.mozilla.org\/es\/kb\/habilitar-y-deshabilitar-cookies-que-los-sitios-we<\/p>\n<p>Chrome: http:\/\/support.google.com\/chrome\/bin\/answer.py?hl=es&amp;answer=95647<\/p>\n<p>Explorer: http:\/\/windows.microsoft.com\/es-es\/windows7\/how-to-manage-cookies-in-internet-explorer-9<\/p>\n<p>safari: http:\/\/support.apple.com\/kb\/ph5042<\/p>\n<p>opera: http:\/\/help.opera.com\/Windows\/11.50\/es-ES\/cookies.html<\/p>\n<p><b>Otros navegadores<\/b><br \/>Consulte la documentaci\u00f3n del navegador que tenga instalado.<\/p>\n<p>Complemento de desactivaci\u00f3n para navegadores de Google Analytics Si desea rechazar las cookies anal\u00edticas de Google Analytics en todos los navegadores, para que no se env\u00ede su informaci\u00f3n a Google Analytics, puede descargar un complemento que realiza esta funci\u00f3n desde este enlace: https:\/\/tools.google.com\/dlpage\/gaoptout<\/p>\n\t\t\t\t\t\t\t\t<\/div>\n\t\t\t\t<\/div>\n\t\t\t\t<div class=\"elementor-element elementor-element-95b98c5 elementor-widget elementor-widget-text-editor\" data-id=\"95b98c5\" data-element_type=\"widget\" data-e-type=\"widget\" data-widget_type=\"text-editor.default\">\n\t\t\t\t<div class=\"elementor-widget-container\">\n\t\t\t\t\t\t\t\t\t<p><strong>NUESTRA WEB UTILIZA LAS SIGUIENTES COOKIES<\/strong><\/p>\n\t\t\t\t\t\t\t\t<\/div>\n\t\t\t\t<\/div>\n\t\t\t\t\t<\/div>\n\t\t\t\t<\/div>\n\t\t\t\t<\/div>\n\t\t","protected":false},"excerpt":{"rendered":"<p>Pol\u00edtica de cookies QU\u00c9 SON LAS COOKIES? Una cookie es un archivo que se descarga en su ordenador al acceder a determinadas p\u00e1ginas web. Las cookies permiten a una p\u00e1gina web, entre otras cosas, almacenar y recuperar informaci\u00f3n sobre los h\u00e1bitos de navegaci\u00f3n de un usuario o de su equipo y, dependiendo de la informaci\u00f3n [&hellip;]<\/p>\n","protected":false},"author":1,"featured_media":0,"parent":0,"menu_order":0,"comment_status":"closed","ping_status":"closed","template":"","meta":{"footnotes":""},"class_list":["post-3643","page","type-page","status-publish","hentry"],"_links":{"self":[{"href":"https:\/\/melflavia.cat\/es\/wp-json\/wp\/v2\/pages\/3643","targetHints":{"allow":["GET"]}}],"collection":[{"href":"https:\/\/melflavia.cat\/es\/wp-json\/wp\/v2\/pages"}],"about":[{"href":"https:\/\/melflavia.cat\/es\/wp-json\/wp\/v2\/types\/page"}],"author":[{"embeddable":true,"href":"https:\/\/melflavia.cat\/es\/wp-json\/wp\/v2\/users\/1"}],"replies":[{"embeddable":true,"href":"https:\/\/melflavia.cat\/es\/wp-json\/wp\/v2\/comments?post=3643"}],"version-history":[{"count":1,"href":"https:\/\/melflavia.cat\/es\/wp-json\/wp\/v2\/pages\/3643\/revisions"}],"predecessor-version":[{"id":3644,"href":"https:\/\/melflavia.cat\/es\/wp-json\/wp\/v2\/pages\/3643\/revisions\/3644"}],"wp:attachment":[{"href":"https:\/\/melflavia.cat\/es\/wp-json\/wp\/v2\/media?parent=3643"}],"curies":[{"name":"wp","href":"https:\/\/api.w.org\/{rel}","templated":true}]}}