{"id":3639,"date":"2025-01-09T09:40:02","date_gmt":"2025-01-09T09:40:02","guid":{"rendered":"https:\/\/melflavia.cat\/aviso-legal\/"},"modified":"2025-01-09T09:40:02","modified_gmt":"2025-01-09T09:40:02","slug":"aviso-legal","status":"publish","type":"page","link":"https:\/\/melflavia.cat\/es\/aviso-legal\/","title":{"rendered":"Aviso legal"},"content":{"rendered":"<h2><strong>Objeto<\/strong><\/h2>\n<p>El present av\u00eds legal regula l&#8217;\u00fas i utilitzaci\u00f3 del lloc web www.melflavia.cat, de qu\u00e8 \u00e9s titular JOSEP FLAVI\u00c0 ROSANES (en endavant, MEL FLAVI\u00c0). La navegaci\u00f3 pel lloc web de MEL FLAVI\u00c0 li atribueix la condici\u00f3 d&#8217;USUARI d&#8217;ell mateix i comporta la seva acceptaci\u00f3 plena i sense reserves de totes i cadascuna de les condicions publicades en aquest av\u00eds legal, advertint que aquestes condicions poden ser modificades sense notificaci\u00f3 pr\u00e8via per part de MEL FLAVI\u00c0, en aquest cas es procedir\u00e0 a la seva publicaci\u00f3 i av\u00eds amb la m\u00e0xima antelaci\u00f3 possible. Per aix\u00f2 \u00e9s recomanable llegir amb atenci\u00f3 el contingut en cas de desitjar accedir i fer \u00fas de la informaci\u00f3 i dels serveis oferts des d&#8217;aquest lloc web.<br \/>\nL&#8217;usuari a m\u00e9s, s&#8217;obliga a fer un \u00fas correcte de la p\u00e0gina web de conformitat amb les lleis, la bona fe, l&#8217;ordre p\u00fablic, els usos de l&#8217;tr\u00e0nsit i el present Av\u00eds Legal, i respondr\u00e0 davant MEL FLAVI\u00c0 o davant de tercers, de qualssevol danys i perjudicis que poguessin causar com a conseq\u00fc\u00e8ncia de l&#8217;incompliment d&#8217;aquesta obligaci\u00f3. Qualsevol utilitzaci\u00f3 diferent de l&#8217;autoritzada est\u00e0 expressament prohibida, i pot MEL FLAVI\u00c0 denegar o retirar l&#8217;acc\u00e9s i el seu \u00fas en qualsevol moment.<\/p>\n<p><strong>1. Identificaci\u00f3n<\/strong><\/p>\n<p>MEL FLAVI\u00c0, en cumplimiento de la Ley 34\/2002, de 11 de julio, de Servicios de la Sociedad de la Informaci\u00f3n y de Comercio Electr\u00f3nico, le informa que: \u2022 Su denominaci\u00f3n social es: JOSEP FLAVI\u00c0 ROSANES.\u2022 Su nombre comercial es: MEL FLAVI\u00c0.\u2022 Su CIF es: 77782680-S.\u2022 Su domicilio social est\u00e1 en: P \/ ESGL\u00c9SIA N\u00ba, 43350 LES BORGES DEL CAMP &#8211; TARRAGONA (ESPA\u00d1A). En el caso de usuarios con los cuales exista una relaci\u00f3n contractual previa, MEL FLAVI\u00c0 est\u00e1 autorizado al env\u00edo de comunicaciones comerciales referentes a productos o servicios de MEL FLAVI\u00c0 que sean similares a los que inicialmente fueron objeto de contrataci\u00f3n con el cliente.<br \/>En todo caso, el usuario, tras acreditar su identidad, podr\u00e1 solicitar que no se le env\u00ede m\u00e1s informaci\u00f3n comercial a trav\u00e9s de los canales de Atenci\u00f3n al Cliente.<\/p>\n<p><strong>2. Comunicaciones<\/strong><\/p>\n<p>Para comunicarse con nosotros, ponemos a su disposici\u00f3n diferentes medios de contacto que detallamos a continuaci\u00f3n: \u2022 Tel: 639.913.642.<br \/>\n\u2022 Correo electr\u00f3nico: hola@melflavia.cat.<br \/>\n\u2022 Direcci\u00f3n postal: P \/ Iglesia 1, Les Borges del Camp.<br \/>\nTodas las notificaciones y comunicaciones entre los usuarios y MEL FLAVI\u00c0 se considerar\u00e1n eficaces, a todos los efectos, cuando se realicen a trav\u00e9s de cualquiera de los medios detallados anteriormente.<\/p>\n<p><strong>3. Condiciones de acceso y utilizaci\u00f3n<\/strong><\/p>\n<p>El sitio web y sus servicios son de acceso libre y gratuito. No obstante, MEL FLAVI\u00c0 puede condicionar la utilizaci\u00f3n de algunos de los servicios ofrecidos en su web al previo llenado del formulario correspondiente. El usuario garantiza la autenticidad y actualizaci\u00f3n de todos aquellos datos que comunique a MEL FLAVI\u00c0 y ser\u00e1 el \u00fanico responsable de las manifestaciones falsas o inexactas que realice. El usuario se compromete expresamente a hacer un uso adecuado de los contenidos y servicios de MEL FLAVI\u00c0 y a no utilizarlos para, entre otros: 1. Difundir contenidos delictivos, violentos, pornogr\u00e1ficos, racistas, xen\u00f3fobos, ofensivos, de apolog\u00eda del terrorismo o, en general, contrarios a la ley o al orden p\u00fablico. 2. Introducir en la red virus inform\u00e1ticos o realizar actuaciones susceptibles de alterar, estropear, interrumpir o generar errores o da\u00f1os en los documentos electr\u00f3nicos, datos o sistemas f\u00edsicos y l\u00f3gicos de MEL FLAVI\u00c0 o de terceros; as\u00ed como obstaculizar el acceso de otros usuarios a la p\u00e1gina web y a sus servicios mediante el consumo masivo de los recursos inform\u00e1ticos a trav\u00e9s de los cuales MEL FLAVI\u00c0 presta sus servicios. 3. Intentar acceder a las cuentas de correo electr\u00f3nico de otros usuarios o a \u00e1reas restringidas de los sistemas inform\u00e1ticos de MEL FLAVI\u00c0 o de terceros y, en su caso, extraer informaci\u00f3n. 4. Vulnerar los derechos de propiedad intelectual o industrial, as\u00ed como violar la confidencialidad de la informaci\u00f3n de MEL FLAVI\u00c0 o de terceros. 5. Suplantar la identidad de cualquier otro usuario. 6. Reproducir, copiar, distribuir, poner a disposici\u00f3n de, o cualquier otra forma de comunicaci\u00f3n p\u00fablica, transformar o modificar los contenidos, salvo que se cuente con la autorizaci\u00f3n del titular de los correspondientes derechos o ello resulte legalmente permitido. 7. Solicitar datos con finalidad publicitaria y remitir publicidad de cualquier clase y comunicaciones con fines de venta u otros de naturaleza comercial sin que haya solicitud o consentimiento previo. Todos los contenidos del sitio web, como textos, fotograf\u00edas, gr\u00e1ficos, im\u00e1genes, iconos, tecnolog\u00eda, software, as\u00ed como su dise\u00f1o gr\u00e1fico y c\u00f3digos fuente, constituyen una obra cuyo titular es MEL FLAVI\u00c0, sin que se entiendan cedidos al usuario los derechos de explotaci\u00f3n sobre los mismos m\u00e1s all\u00e1 de lo estrictamente necesario para el correcto uso del sitio web. En definitiva, los usuarios que accedan a este sitio web podr\u00e1n visualizar los contenidos y efectuar, en su caso, copias privadas autorizadas siempre que los elementos reproducidos no sean cedidos posteriormente a terceros, ni se instalen en servidores conectados a redes, ni sean objeto de ning\u00fan tipo de explotaci\u00f3n. Asimismo, todas las marcas, nombres comerciales o signos distintivos de cualquier clase que aparecen en el sitio web son propiedad de MEL FLAVI\u00c0, sin que pueda entenderse que el uso o acceso a los mismos atribuye al usuario ning\u00fan derecho sobre los mismos. La distribuci\u00f3n, modificaci\u00f3n, cesi\u00f3n o comunicaci\u00f3n p\u00fablica de los contenidos y cualquier otro acto que no haya sido expresamente autorizado por el titular de los derechos de explotaci\u00f3n queda prohibido. El establecimiento de un hiperv\u00ednculo no implica en ning\u00fan caso la existencia de relaciones entre MEL FLAVI\u00c0 y el propietario de la p\u00e1gina web en la que se establezca, ni la aceptaci\u00f3n y aprobaci\u00f3n por parte de MEL FLAVI\u00c0 de sus contenidos o servicios. MEL FLAVI\u00c0 no se responsabiliza del uso que cada usuario haga de los materiales puestos a disposici\u00f3n en este sitio web ni de las actuaciones que realice en base a los mismos. <\/p>\n<p><strong>3.1 EXCLUSI\u00d3N DE GARANT\u00cdAS Y DE RESPONSABILIDAD EN EL ACCESO Y LA UTILIZACI\u00d3N<\/strong><\/p>\n<p>El contenido de este sitio web es de car\u00e1cter general y tiene una finalidad meramente informativa, sin que se garantice plenamente el acceso a todos los contenidos, ni su exhaustividad, correcci\u00f3n, vigencia o actualidad, ni su idoneidad o utilidad para un objetivo espec\u00edfico. MEL FLAVI\u00c0 excluye, hasta donde lo permita el ordenamiento jur\u00eddico, cualquier responsabilidad por los da\u00f1os y perjuicios de toda naturaleza derivados de: a) La imposibilidad de acceso a la p\u00e1gina web o la falta de veracidad, exactitud, exhaustividad y\/o actualidad de los contenidos, as\u00ed como la existencia de vicios y defectos de toda clase de los contenidos transmitidos, difundidos, almacenados, puestos a disposici\u00f3n, a los que se haya accedido a trav\u00e9s del sitio web o de los servicios que se ofrecen. b) La presencia de virus u otros elementos en los contenidos que puedan producir alteraciones en los sistemas inform\u00e1ticos, documentos electr\u00f3nicos o datos de los usuarios. c) El incumplimiento de las leyes, la buena fe, el orden p\u00fablico, los usos del tr\u00e1fico y el presente aviso legal como consecuencia del uso incorrecto del sitio web. En particular, a modo de ejemplo, MEL FLAVI\u00c0 no se hace responsable de las actuaciones de terceros que vulneren derechos de propiedad intelectual e industrial, secretos empresariales, derechos al honor, a la intimidad personal y familiar y a la propia imagen, as\u00ed como la normativa en materia de competencia desleal y publicidad il\u00edcita. Asimismo, MEL FLAVI\u00c0 declina cualquier responsabilidad respecto a la informaci\u00f3n que se encuentre fuera de este sitio web y no sea gestionada directamente por nuestro webmaster. La funci\u00f3n de los links que aparecen en este sitio web es exclusivamente la de informar al usuario sobre la existencia de otras fuentes susceptibles de ampliar los contenidos que ofrece este sitio web. MEL FLAVI\u00c0 no garantiza ni se responsabiliza del funcionamiento o accesibilidad de los sitios enlazados; ni sugiere, invita o recomienda la visita a los mismos, de manera que tampoco ser\u00e1 responsable del resultado obtenido. MEL FLAVI\u00c0 no se responsabiliza del establecimiento de hiperv\u00ednculos por parte de terceros.<\/p>\n<p><strong>3.2 PROCEDIMIENTO EN CASO DE REALIZACI\u00d3N DE ACTIVIDADES DE CAR\u00c1CTER IL\u00cdCITO<\/strong><\/p>\n<p>En el caso de que cualquier usuario o un tercero considere que existen hechos o circunstancias que revelen el car\u00e1cter il\u00edcito de la utilizaci\u00f3n de cualquier contenido y\/o de la realizaci\u00f3n de cualquier actividad en las p\u00e1ginas web incluidas o accesibles a trav\u00e9s del sitio web, deber\u00e1 enviar una notificaci\u00f3n a MEL FLAVI\u00c0 identific\u00e1ndose debidamente y especificando las supuestas infracciones.<\/p>\n<p><strong>3.3 PUBLICACIONES<\/strong><\/p>\n<p>La informaci\u00f3n administrativa facilitada a trav\u00e9s del sitio web no sustituye la publicidad legal de las leyes, normativas, planes, disposiciones generales y actos que deben ser publicados formalmente en los diarios oficiales de las administraciones p\u00fablicas, que constituyen el \u00fanico instrumento que da fe de su autenticidad y contenido. La informaci\u00f3n disponible en este sitio web debe entenderse como una gu\u00eda sin prop\u00f3sito de validez legal. <\/p>\n","protected":false},"excerpt":{"rendered":"<p>Objeto El present av\u00eds legal regula l&#8217;\u00fas i utilitzaci\u00f3 del lloc web www.melflavia.cat, de qu\u00e8 \u00e9s titular JOSEP FLAVI\u00c0 ROSANES (en endavant, MEL FLAVI\u00c0). La navegaci\u00f3 pel lloc web de MEL FLAVI\u00c0 li atribueix la condici\u00f3 d&#8217;USUARI d&#8217;ell mateix i comporta la seva acceptaci\u00f3 plena i sense reserves de totes i cadascuna de les condicions [&hellip;]<\/p>\n","protected":false},"author":1,"featured_media":0,"parent":0,"menu_order":0,"comment_status":"closed","ping_status":"closed","template":"","meta":{"footnotes":""},"class_list":["post-3639","page","type-page","status-publish","hentry"],"_links":{"self":[{"href":"https:\/\/melflavia.cat\/es\/wp-json\/wp\/v2\/pages\/3639","targetHints":{"allow":["GET"]}}],"collection":[{"href":"https:\/\/melflavia.cat\/es\/wp-json\/wp\/v2\/pages"}],"about":[{"href":"https:\/\/melflavia.cat\/es\/wp-json\/wp\/v2\/types\/page"}],"author":[{"embeddable":true,"href":"https:\/\/melflavia.cat\/es\/wp-json\/wp\/v2\/users\/1"}],"replies":[{"embeddable":true,"href":"https:\/\/melflavia.cat\/es\/wp-json\/wp\/v2\/comments?post=3639"}],"version-history":[{"count":0,"href":"https:\/\/melflavia.cat\/es\/wp-json\/wp\/v2\/pages\/3639\/revisions"}],"wp:attachment":[{"href":"https:\/\/melflavia.cat\/es\/wp-json\/wp\/v2\/media?parent=3639"}],"curies":[{"name":"wp","href":"https:\/\/api.w.org\/{rel}","templated":true}]}}