{"id":3136,"date":"2024-11-05T15:33:48","date_gmt":"2024-11-05T15:33:48","guid":{"rendered":"https:\/\/melflavia.cat\/mi-cuenta\/"},"modified":"2024-11-05T15:33:48","modified_gmt":"2024-11-05T15:33:48","slug":"mi-cuenta","status":"publish","type":"page","link":"https:\/\/melflavia.cat\/es\/mi-cuenta\/","title":{"rendered":"Mi cuenta"},"content":{"rendered":"\t\t<div data-elementor-type=\"wp-page\" data-elementor-id=\"3136\" class=\"elementor elementor-3136 elementor-9\" data-elementor-post-type=\"page\">\n\t\t\t\t<div class=\"elementor-element elementor-element-c5f4747 e-flex e-con-boxed e-con e-parent\" data-id=\"c5f4747\" data-element_type=\"container\" data-e-type=\"container\">\n\t\t\t\t\t<div class=\"e-con-inner\">\n\t\t\t\t<div class=\"elementor-element elementor-element-c89f290 elementor-widget elementor-widget-heading\" data-id=\"c89f290\" data-element_type=\"widget\" data-e-type=\"widget\" data-widget_type=\"heading.default\">\n\t\t\t\t<div class=\"elementor-widget-container\">\n\t\t\t\t\t<h1 class=\"elementor-heading-title elementor-size-default\">Perfil de usuario<\/h1>\t\t\t\t<\/div>\n\t\t\t\t<\/div>\n\t\t\t\t\t<\/div>\n\t\t\t\t<\/div>\n\t\t<div class=\"elementor-element elementor-element-491d2b9 e-flex e-con-boxed e-con e-parent\" data-id=\"491d2b9\" data-element_type=\"container\" data-e-type=\"container\">\n\t\t\t\t\t<div class=\"e-con-inner\">\n\t\t\t\t<div class=\"elementor-element elementor-element-619d231 e-my-account-tabs-vertical elementor-widget elementor-widget-woocommerce-my-account\" data-id=\"619d231\" data-element_type=\"widget\" data-e-type=\"widget\" data-widget_type=\"woocommerce-my-account.default\">\n\t\t\t\t<div class=\"elementor-widget-container\">\n\t\t\t\t\t<div class=\"e-my-account-tab e-my-account-tab__ \">\t\t\t<div class=\"woocommerce\"><\/div>\t\t<\/div>\n\t\t\t\t\t\t<\/div>\n\t\t\t\t<\/div>\n\t\t\t\t\t<\/div>\n\t\t\t\t<\/div>\n\t\t\t\t<\/div>\n\t\t","protected":false},"excerpt":{"rendered":"<p>Perfil de usuario Inicio Pedidos Descargas Direcci\u00f3n Detalles de la cuenta Cerrar sesi\u00f3n Hola admin (no sou admin? Tanca la sessi\u00f3) Des del tauler de control del compte podeu veure les comandes recents, gestionar les adreces d&#8217;enviament i facturaci\u00f3 i editar la contrasenya i els detalls del compte.<\/p>\n","protected":false},"author":1,"featured_media":0,"parent":0,"menu_order":0,"comment_status":"closed","ping_status":"closed","template":"","meta":{"footnotes":""},"class_list":["post-3136","page","type-page","status-publish","hentry"],"_links":{"self":[{"href":"https:\/\/melflavia.cat\/es\/wp-json\/wp\/v2\/pages\/3136","targetHints":{"allow":["GET"]}}],"collection":[{"href":"https:\/\/melflavia.cat\/es\/wp-json\/wp\/v2\/pages"}],"about":[{"href":"https:\/\/melflavia.cat\/es\/wp-json\/wp\/v2\/types\/page"}],"author":[{"embeddable":true,"href":"https:\/\/melflavia.cat\/es\/wp-json\/wp\/v2\/users\/1"}],"replies":[{"embeddable":true,"href":"https:\/\/melflavia.cat\/es\/wp-json\/wp\/v2\/comments?post=3136"}],"version-history":[{"count":1,"href":"https:\/\/melflavia.cat\/es\/wp-json\/wp\/v2\/pages\/3136\/revisions"}],"predecessor-version":[{"id":3137,"href":"https:\/\/melflavia.cat\/es\/wp-json\/wp\/v2\/pages\/3136\/revisions\/3137"}],"wp:attachment":[{"href":"https:\/\/melflavia.cat\/es\/wp-json\/wp\/v2\/media?parent=3136"}],"curies":[{"name":"wp","href":"https:\/\/api.w.org\/{rel}","templated":true}]}}